{"id":9,"date":"2018-10-14T21:24:02","date_gmt":"2018-10-14T21:24:02","guid":{"rendered":"http:\/\/test.xn--sonnenpltzchen-dib.at\/?page_id=9"},"modified":"2025-04-01T14:56:23","modified_gmt":"2025-04-01T14:56:23","slug":"freie-plaetze","status":"publish","type":"page","link":"http:\/\/www.sonnenpl\u00e4tzchen.at\/willkommen\/freie-plaetze\/","title":{"rendered":"freie Pl\u00e4tze"},"content":{"rendered":"<p>Freie Betreuungspl\u00e4tze fr\u00fchestens ab September 2026<\/p>\n<p>Gerne k\u00f6nnen Sie ihr Kind aber auch bei mir vormerken lassen.<\/p>\n<p>\u00d6ffnungszeiten:<br \/>\nMontag &#8211; Donnerstag<br \/>\n6.30 Uhr &#8211; 16.30 Uhr<\/p>\n<p>Fr\u00fchbetreuung ab 6:30 Uhr, Ganztagespl\u00e4tze, Kleingruppe mit max. 5 Kinder<\/p>\n<p>Meine Betreuungspl\u00e4tze sind durch meine Anstellung beim Tageselternzentrum gef\u00f6rdert und daher besonders kosteng\u00fcnstig. <a href=\"http:\/\/www.tageselternzentrum.at\/kosten-und-unterstuetzung\/\">Hier<\/a> k\u00f6nnen Sie sich ein Bild \u00fcber das 40 Stunden Betreuungsmodell machen.<\/p>\n<p>Ein kleiner Hinweis noch f\u00fcr den Anspruch auf F\u00f6rderung des Platzes: alles was Sie ben\u00f6tigen ist einen st\u00e4ndigen Wohnsitz in Wien <em>(Meldung lt. Meldezettel)<\/em> sowie eine Kundennummer der Wiener Kinderg\u00e4rten <em>(diese ben\u00f6tige ich bereits vor Anmeldung Ihres Kindes)<\/em>.<\/p>\n","protected":false},"excerpt":{"rendered":"<p>Freie Betreuungspl\u00e4tze fr\u00fchestens ab September 2026 Gerne k\u00f6nnen Sie ihr Kind aber auch bei mir vormerken lassen. \u00d6ffnungszeiten: Montag &#8211; Donnerstag 6.30 Uhr &#8211; 16.30 Uhr Fr\u00fchbetreuung ab 6:30 Uhr, Ganztagespl\u00e4tze, Kleingruppe mit max. 5 Kinder Meine Betreuungspl\u00e4tze sind durch meine Anstellung beim Tageselternzentrum gef\u00f6rdert und daher besonders kosteng\u00fcnstig. Hier k\u00f6nnen Sie sich ein Bild &hellip; <\/p>\n","protected":false},"author":1,"featured_media":10,"parent":0,"menu_order":0,"comment_status":"closed","ping_status":"closed","template":"","meta":{"footnotes":""},"class_list":["post-9","page","type-page","status-publish","has-post-thumbnail","hentry"],"_links":{"self":[{"href":"http:\/\/www.sonnenpl\u00e4tzchen.at\/willkommen\/wp-json\/wp\/v2\/pages\/9","targetHints":{"allow":["GET"]}}],"collection":[{"href":"http:\/\/www.sonnenpl\u00e4tzchen.at\/willkommen\/wp-json\/wp\/v2\/pages"}],"about":[{"href":"http:\/\/www.sonnenpl\u00e4tzchen.at\/willkommen\/wp-json\/wp\/v2\/types\/page"}],"author":[{"embeddable":true,"href":"http:\/\/www.sonnenpl\u00e4tzchen.at\/willkommen\/wp-json\/wp\/v2\/users\/1"}],"replies":[{"embeddable":true,"href":"http:\/\/www.sonnenpl\u00e4tzchen.at\/willkommen\/wp-json\/wp\/v2\/comments?post=9"}],"version-history":[{"count":30,"href":"http:\/\/www.sonnenpl\u00e4tzchen.at\/willkommen\/wp-json\/wp\/v2\/pages\/9\/revisions"}],"predecessor-version":[{"id":220,"href":"http:\/\/www.sonnenpl\u00e4tzchen.at\/willkommen\/wp-json\/wp\/v2\/pages\/9\/revisions\/220"}],"wp:featuredmedia":[{"embeddable":true,"href":"http:\/\/www.sonnenpl\u00e4tzchen.at\/willkommen\/wp-json\/wp\/v2\/media\/10"}],"wp:attachment":[{"href":"http:\/\/www.sonnenpl\u00e4tzchen.at\/willkommen\/wp-json\/wp\/v2\/media?parent=9"}],"curies":[{"name":"wp","href":"https:\/\/api.w.org\/{rel}","templated":true}]}}