{"id":7,"date":"2018-10-14T21:21:17","date_gmt":"2018-10-14T21:21:17","guid":{"rendered":"http:\/\/test.xn--sonnenpltzchen-dib.at\/?page_id=7"},"modified":"2020-07-05T17:48:26","modified_gmt":"2020-07-05T17:48:26","slug":"eindruecke","status":"publish","type":"page","link":"http:\/\/www.sonnenpl\u00e4tzchen.at\/willkommen\/eindruecke\/","title":{"rendered":"Eindr\u00fccke"},"content":{"rendered":"<p><a href=\"http:\/\/test.xn--sonnenpltzchen-dib.at\/wp-content\/uploads\/2018\/10\/2A0CCD2E-9479-406A-A941-34487EF567ED.jpeg\"><br><\/a>Das Kind steht bei mir im Mittelpunkt. Jedes Kind ist eine eigenst\u00e4ndige Pers\u00f6nlichkeit aus verschiedenen Lebensumst\u00e4nden. Auf den eigenen Rhythmus, Rituale und Entwicklungsst\u00e4nde kann ich durch meine kleine Gruppe besonders eingehen. Dadurch kann ich jedes Kind in seiner eigenen emotionalen, sozialen, kognitiven und motorischen Entwicklung bestm\u00f6glich Unterst\u00fctzen und f\u00f6rdern.<\/p>\n<p>Liebevoll gestaltete R\u00e4umlichkeiten, ein gem\u00fctliches, famili\u00e4res Ambiente laden bei mir zum verweilen und wohlf\u00fchlen ein. <em>Kindgerechte<\/em> Ausstattung aller R\u00e4umlichkeiten sowie gesunde, saisonale selbstgekochte Kost stehen am Tagesprogramm. Neben eines <em>gro\u00dfen Gartens<\/em> der f\u00fcr das eine oder andere Abenteuer bereit steht, laden auch die unz\u00e4hligen B\u00fccher, Mal- und Spielsachen zu einem spannenden Tag bei mir als Tagesmutter ein. Ausfl\u00fcge kommen dabei auch nicht zu kurz.<\/p>\n<p><a href=\"http:\/\/test.xn--sonnenpltzchen-dib.at\/wp-content\/uploads\/2018\/10\/ED9D2D40-252A-45F4-A48B-F246346A5DF1.jpeg\"><img loading=\"lazy\" decoding=\"async\" class=\"aligncenter wp-image-27 size-large\" src=\"http:\/\/test.xn--sonnenpltzchen-dib.at\/wp-content\/uploads\/2018\/10\/ED9D2D40-252A-45F4-A48B-F246346A5DF1-768x1024.jpeg\" alt=\"\" width=\"768\" height=\"1024\" srcset=\"http:\/\/www.sonnenpl\u00e4tzchen.at\/wp-content\/uploads\/2018\/10\/ED9D2D40-252A-45F4-A48B-F246346A5DF1-768x1024.jpeg 768w, http:\/\/www.sonnenpl\u00e4tzchen.at\/wp-content\/uploads\/2018\/10\/ED9D2D40-252A-45F4-A48B-F246346A5DF1-225x300.jpeg 225w, http:\/\/www.sonnenpl\u00e4tzchen.at\/wp-content\/uploads\/2018\/10\/ED9D2D40-252A-45F4-A48B-F246346A5DF1-45x60.jpeg 45w\" sizes=\"auto, (max-width: 768px) 100vw, 768px\" \/><\/a><a href=\"http:\/\/test.xn--sonnenpltzchen-dib.at\/wp-content\/uploads\/2018\/10\/2656B798-DFFB-4E32-8555-1A796629605B.jpeg\"><img loading=\"lazy\" decoding=\"async\" class=\"wp-image-23 size-large alignright\" src=\"http:\/\/test.xn--sonnenpltzchen-dib.at\/wp-content\/uploads\/2018\/10\/2656B798-DFFB-4E32-8555-1A796629605B-768x1024.jpeg\" alt=\"\" width=\"768\" height=\"1024\" srcset=\"http:\/\/www.sonnenpl\u00e4tzchen.at\/wp-content\/uploads\/2018\/10\/2656B798-DFFB-4E32-8555-1A796629605B-768x1024.jpeg 768w, http:\/\/www.sonnenpl\u00e4tzchen.at\/wp-content\/uploads\/2018\/10\/2656B798-DFFB-4E32-8555-1A796629605B-225x300.jpeg 225w, http:\/\/www.sonnenpl\u00e4tzchen.at\/wp-content\/uploads\/2018\/10\/2656B798-DFFB-4E32-8555-1A796629605B-45x60.jpeg 45w\" sizes=\"auto, (max-width: 768px) 100vw, 768px\" \/><\/a><a href=\"http:\/\/test.xn--sonnenpltzchen-dib.at\/wp-content\/uploads\/2018\/10\/F8D860CD-673B-4E2C-B638-1C5FEFC31DB8.jpeg\"><img loading=\"lazy\" decoding=\"async\" class=\"wp-image-26 size-large alignleft\" src=\"http:\/\/test.xn--sonnenpltzchen-dib.at\/wp-content\/uploads\/2018\/10\/F8D860CD-673B-4E2C-B638-1C5FEFC31DB8-768x1024.jpeg\" alt=\"\" width=\"768\" height=\"1024\" srcset=\"http:\/\/www.sonnenpl\u00e4tzchen.at\/wp-content\/uploads\/2018\/10\/F8D860CD-673B-4E2C-B638-1C5FEFC31DB8-768x1024.jpeg 768w, http:\/\/www.sonnenpl\u00e4tzchen.at\/wp-content\/uploads\/2018\/10\/F8D860CD-673B-4E2C-B638-1C5FEFC31DB8-225x300.jpeg 225w, http:\/\/www.sonnenpl\u00e4tzchen.at\/wp-content\/uploads\/2018\/10\/F8D860CD-673B-4E2C-B638-1C5FEFC31DB8-45x60.jpeg 45w\" sizes=\"auto, (max-width: 768px) 100vw, 768px\" \/><\/a><\/p>\n<p><a href=\"http:\/\/test.xn--sonnenpltzchen-dib.at\/wp-content\/uploads\/2018\/10\/0A8B682C-5D25-4DD4-ABBD-6C32B0DD394F.jpeg\"><img loading=\"lazy\" decoding=\"async\" class=\"aligncenter wp-image-28 size-large\" src=\"http:\/\/test.xn--sonnenpltzchen-dib.at\/wp-content\/uploads\/2018\/10\/0A8B682C-5D25-4DD4-ABBD-6C32B0DD394F-768x1024.jpeg\" alt=\"\" width=\"768\" height=\"1024\" srcset=\"http:\/\/www.sonnenpl\u00e4tzchen.at\/wp-content\/uploads\/2018\/10\/0A8B682C-5D25-4DD4-ABBD-6C32B0DD394F-768x1024.jpeg 768w, http:\/\/www.sonnenpl\u00e4tzchen.at\/wp-content\/uploads\/2018\/10\/0A8B682C-5D25-4DD4-ABBD-6C32B0DD394F-225x300.jpeg 225w, http:\/\/www.sonnenpl\u00e4tzchen.at\/wp-content\/uploads\/2018\/10\/0A8B682C-5D25-4DD4-ABBD-6C32B0DD394F-45x60.jpeg 45w\" sizes=\"auto, (max-width: 768px) 100vw, 768px\" \/><\/a><\/p>\n<p><\/p>\n<p><a href=\"http:\/\/test.xn--sonnenpltzchen-dib.at\/wp-content\/uploads\/2018\/10\/2A0CCD2E-9479-406A-A941-34487EF567ED.jpeg\"><img loading=\"lazy\" decoding=\"async\" class=\"wp-image-86 size-large alignright\" src=\"http:\/\/test.xn--sonnenpltzchen-dib.at\/wp-content\/uploads\/2018\/10\/2A0CCD2E-9479-406A-A941-34487EF567ED-768x1024.jpeg\" alt=\"\" width=\"768\" height=\"1024\" srcset=\"http:\/\/www.sonnenpl\u00e4tzchen.at\/wp-content\/uploads\/2018\/10\/2A0CCD2E-9479-406A-A941-34487EF567ED-768x1024.jpeg 768w, http:\/\/www.sonnenpl\u00e4tzchen.at\/wp-content\/uploads\/2018\/10\/2A0CCD2E-9479-406A-A941-34487EF567ED-225x300.jpeg 225w, http:\/\/www.sonnenpl\u00e4tzchen.at\/wp-content\/uploads\/2018\/10\/2A0CCD2E-9479-406A-A941-34487EF567ED-45x60.jpeg 45w\" sizes=\"auto, (max-width: 768px) 100vw, 768px\" \/><\/a><\/p>\n<p><a href=\"http:\/\/test.xn--sonnenpltzchen-dib.at\/wp-content\/uploads\/2018\/10\/5512631D-C14B-4669-B473-0613E872DF23.jpeg\"><img loading=\"lazy\" decoding=\"async\" class=\"wp-image-82 size-large alignleft\" src=\"http:\/\/test.xn--sonnenpltzchen-dib.at\/wp-content\/uploads\/2018\/10\/5512631D-C14B-4669-B473-0613E872DF23-768x1024.jpeg\" alt=\"\" width=\"768\" height=\"1024\" srcset=\"http:\/\/www.sonnenpl\u00e4tzchen.at\/wp-content\/uploads\/2018\/10\/5512631D-C14B-4669-B473-0613E872DF23-768x1024.jpeg 768w, http:\/\/www.sonnenpl\u00e4tzchen.at\/wp-content\/uploads\/2018\/10\/5512631D-C14B-4669-B473-0613E872DF23-225x300.jpeg 225w, http:\/\/www.sonnenpl\u00e4tzchen.at\/wp-content\/uploads\/2018\/10\/5512631D-C14B-4669-B473-0613E872DF23-45x60.jpeg 45w\" sizes=\"auto, (max-width: 768px) 100vw, 768px\" \/><\/a><a href=\"http:\/\/test.xn--sonnenpltzchen-dib.at\/wp-content\/uploads\/2018\/10\/F13C69EB-DB81-4835-A8AF-32F98B8CFC28.jpeg\"><img loading=\"lazy\" decoding=\"async\" class=\"wp-image-30 size-large alignright\" src=\"http:\/\/test.xn--sonnenpltzchen-dib.at\/wp-content\/uploads\/2018\/10\/F13C69EB-DB81-4835-A8AF-32F98B8CFC28-768x1024.jpeg\" alt=\"\" width=\"768\" height=\"1024\" srcset=\"http:\/\/www.sonnenpl\u00e4tzchen.at\/wp-content\/uploads\/2018\/10\/F13C69EB-DB81-4835-A8AF-32F98B8CFC28-768x1024.jpeg 768w, http:\/\/www.sonnenpl\u00e4tzchen.at\/wp-content\/uploads\/2018\/10\/F13C69EB-DB81-4835-A8AF-32F98B8CFC28-225x300.jpeg 225w, http:\/\/www.sonnenpl\u00e4tzchen.at\/wp-content\/uploads\/2018\/10\/F13C69EB-DB81-4835-A8AF-32F98B8CFC28-45x60.jpeg 45w\" sizes=\"auto, (max-width: 768px) 100vw, 768px\" \/><\/a><a href=\"http:\/\/test.xn--sonnenpltzchen-dib.at\/wp-content\/uploads\/2018\/10\/D85468DE-9403-4090-9085-AC6521C2B74D.jpeg\"><img loading=\"lazy\" decoding=\"async\" class=\"wp-image-84 size-large alignleft\" src=\"http:\/\/test.xn--sonnenpltzchen-dib.at\/wp-content\/uploads\/2018\/10\/D85468DE-9403-4090-9085-AC6521C2B74D-768x1024.jpeg\" alt=\"\" width=\"768\" height=\"1024\" srcset=\"http:\/\/www.sonnenpl\u00e4tzchen.at\/wp-content\/uploads\/2018\/10\/D85468DE-9403-4090-9085-AC6521C2B74D-768x1024.jpeg 768w, http:\/\/www.sonnenpl\u00e4tzchen.at\/wp-content\/uploads\/2018\/10\/D85468DE-9403-4090-9085-AC6521C2B74D-225x300.jpeg 225w, http:\/\/www.sonnenpl\u00e4tzchen.at\/wp-content\/uploads\/2018\/10\/D85468DE-9403-4090-9085-AC6521C2B74D-45x60.jpeg 45w\" sizes=\"auto, (max-width: 768px) 100vw, 768px\" \/><\/a><a href=\"http:\/\/test.xn--sonnenpltzchen-dib.at\/wp-content\/uploads\/2018\/10\/FF70A84C-F00E-46BE-AACE-99661B076FE1.jpeg\"><img loading=\"lazy\" decoding=\"async\" class=\"wp-image-85 size-large alignright\" src=\"http:\/\/test.xn--sonnenpltzchen-dib.at\/wp-content\/uploads\/2018\/10\/FF70A84C-F00E-46BE-AACE-99661B076FE1-768x1024.jpeg\" alt=\"\" width=\"768\" height=\"1024\" srcset=\"http:\/\/www.sonnenpl\u00e4tzchen.at\/wp-content\/uploads\/2018\/10\/FF70A84C-F00E-46BE-AACE-99661B076FE1-768x1024.jpeg 768w, http:\/\/www.sonnenpl\u00e4tzchen.at\/wp-content\/uploads\/2018\/10\/FF70A84C-F00E-46BE-AACE-99661B076FE1-225x300.jpeg 225w, http:\/\/www.sonnenpl\u00e4tzchen.at\/wp-content\/uploads\/2018\/10\/FF70A84C-F00E-46BE-AACE-99661B076FE1-45x60.jpeg 45w\" sizes=\"auto, (max-width: 768px) 100vw, 768px\" \/><\/a><\/p>\n\n\n<div class=\"wp-block-image\"><figure class=\"alignleft size-large is-resized\"><img loading=\"lazy\" decoding=\"async\" src=\"https:\/\/test.xn--sonnenpltzchen-dib.at\/wp-content\/uploads\/2020\/06\/Schaukel-1024x768.jpeg\" alt=\"\" class=\"wp-image-126\" width=\"587\" height=\"440\" srcset=\"http:\/\/www.sonnenpl\u00e4tzchen.at\/wp-content\/uploads\/2020\/06\/Schaukel-1024x768.jpeg 1024w, http:\/\/www.sonnenpl\u00e4tzchen.at\/wp-content\/uploads\/2020\/06\/Schaukel-300x225.jpeg 300w, http:\/\/www.sonnenpl\u00e4tzchen.at\/wp-content\/uploads\/2020\/06\/Schaukel-768x576.jpeg 768w, http:\/\/www.sonnenpl\u00e4tzchen.at\/wp-content\/uploads\/2020\/06\/Schaukel-1536x1152.jpeg 1536w, http:\/\/www.sonnenpl\u00e4tzchen.at\/wp-content\/uploads\/2020\/06\/Schaukel-80x60.jpeg 80w, http:\/\/www.sonnenpl\u00e4tzchen.at\/wp-content\/uploads\/2020\/06\/Schaukel.jpeg 1600w\" sizes=\"auto, (max-width: 587px) 100vw, 587px\" \/><\/figure><\/div>\n\n\n\n<figure class=\"wp-block-image size-large\"><img loading=\"lazy\" decoding=\"async\" width=\"1024\" height=\"768\" src=\"http:\/\/test.xn--sonnenpltzchen-dib.at\/wp-content\/uploads\/2020\/07\/GruppenfotoGruppe-1024x768.jpeg\" alt=\"\" class=\"wp-image-142\" srcset=\"http:\/\/www.sonnenpl\u00e4tzchen.at\/wp-content\/uploads\/2020\/07\/GruppenfotoGruppe-1024x768.jpeg 1024w, http:\/\/www.sonnenpl\u00e4tzchen.at\/wp-content\/uploads\/2020\/07\/GruppenfotoGruppe-300x225.jpeg 300w, http:\/\/www.sonnenpl\u00e4tzchen.at\/wp-content\/uploads\/2020\/07\/GruppenfotoGruppe-768x576.jpeg 768w, http:\/\/www.sonnenpl\u00e4tzchen.at\/wp-content\/uploads\/2020\/07\/GruppenfotoGruppe-1536x1152.jpeg 1536w, http:\/\/www.sonnenpl\u00e4tzchen.at\/wp-content\/uploads\/2020\/07\/GruppenfotoGruppe-80x60.jpeg 80w, http:\/\/www.sonnenpl\u00e4tzchen.at\/wp-content\/uploads\/2020\/07\/GruppenfotoGruppe.jpeg 1600w\" sizes=\"auto, (max-width: 1024px) 100vw, 1024px\" \/><\/figure>\n","protected":false},"excerpt":{"rendered":"<p>Das Kind steht bei mir im Mittelpunkt. Jedes Kind ist eine eigenst\u00e4ndige Pers\u00f6nlichkeit aus verschiedenen Lebensumst\u00e4nden. Auf den eigenen Rhythmus, Rituale und Entwicklungsst\u00e4nde kann ich durch meine kleine Gruppe besonders eingehen. Dadurch kann ich jedes Kind in seiner eigenen emotionalen, sozialen, kognitiven und motorischen Entwicklung bestm\u00f6glich Unterst\u00fctzen und f\u00f6rdern. Liebevoll gestaltete R\u00e4umlichkeiten, ein gem\u00fctliches, famili\u00e4res &hellip; <\/p>\n","protected":false},"author":1,"featured_media":0,"parent":0,"menu_order":0,"comment_status":"closed","ping_status":"closed","template":"","meta":{"footnotes":""},"class_list":["post-7","page","type-page","status-publish","hentry"],"_links":{"self":[{"href":"http:\/\/www.sonnenpl\u00e4tzchen.at\/willkommen\/wp-json\/wp\/v2\/pages\/7","targetHints":{"allow":["GET"]}}],"collection":[{"href":"http:\/\/www.sonnenpl\u00e4tzchen.at\/willkommen\/wp-json\/wp\/v2\/pages"}],"about":[{"href":"http:\/\/www.sonnenpl\u00e4tzchen.at\/willkommen\/wp-json\/wp\/v2\/types\/page"}],"author":[{"embeddable":true,"href":"http:\/\/www.sonnenpl\u00e4tzchen.at\/willkommen\/wp-json\/wp\/v2\/users\/1"}],"replies":[{"embeddable":true,"href":"http:\/\/www.sonnenpl\u00e4tzchen.at\/willkommen\/wp-json\/wp\/v2\/comments?post=7"}],"version-history":[{"count":17,"href":"http:\/\/www.sonnenpl\u00e4tzchen.at\/willkommen\/wp-json\/wp\/v2\/pages\/7\/revisions"}],"predecessor-version":[{"id":221,"href":"http:\/\/www.sonnenpl\u00e4tzchen.at\/willkommen\/wp-json\/wp\/v2\/pages\/7\/revisions\/221"}],"wp:attachment":[{"href":"http:\/\/www.sonnenpl\u00e4tzchen.at\/willkommen\/wp-json\/wp\/v2\/media?parent=7"}],"curies":[{"name":"wp","href":"https:\/\/api.w.org\/{rel}","templated":true}]}}