{"id":2,"date":"2018-10-14T20:46:10","date_gmt":"2018-10-14T20:46:10","guid":{"rendered":"http:\/\/test.xn--sonnenpltzchen-dib.at\/?page_id=2"},"modified":"2025-04-01T15:05:24","modified_gmt":"2025-04-01T15:05:24","slug":"about","status":"publish","type":"page","link":"http:\/\/www.sonnenpl\u00e4tzchen.at\/willkommen\/about\/","title":{"rendered":"\u00dcber mich"},"content":{"rendered":"<p><a href=\"http:\/\/test.xn--sonnenpltzchen-dib.at\/wp-content\/uploads\/2018\/10\/CCB03BD6-5C51-46FA-BBDB-21BC2708D8AC.jpeg\"><img loading=\"lazy\" decoding=\"async\" class=\"size-medium wp-image-4 aligncenter\" src=\"http:\/\/test.xn--sonnenpltzchen-dib.at\/wp-content\/uploads\/2018\/10\/CCB03BD6-5C51-46FA-BBDB-21BC2708D8AC-300x300.jpeg\" alt=\"\" width=\"300\" height=\"300\" srcset=\"http:\/\/www.sonnenpl\u00e4tzchen.at\/wp-content\/uploads\/2018\/10\/CCB03BD6-5C51-46FA-BBDB-21BC2708D8AC-300x300.jpeg 300w, http:\/\/www.sonnenpl\u00e4tzchen.at\/wp-content\/uploads\/2018\/10\/CCB03BD6-5C51-46FA-BBDB-21BC2708D8AC-150x150.jpeg 150w, http:\/\/www.sonnenpl\u00e4tzchen.at\/wp-content\/uploads\/2018\/10\/CCB03BD6-5C51-46FA-BBDB-21BC2708D8AC-435x435.jpeg 435w, http:\/\/www.sonnenpl\u00e4tzchen.at\/wp-content\/uploads\/2018\/10\/CCB03BD6-5C51-46FA-BBDB-21BC2708D8AC-60x60.jpeg 60w, http:\/\/www.sonnenpl\u00e4tzchen.at\/wp-content\/uploads\/2018\/10\/CCB03BD6-5C51-46FA-BBDB-21BC2708D8AC.jpeg 540w\" sizes=\"auto, (max-width: 300px) 100vw, 300px\" \/><\/a><\/p>\n<p>Ich hei\u00dfe Bernadette, bin verheiratet und Mama von zwei bezaubernden T\u00f6chtern. Ich bin geboren in Wien, aufgewachsen in der Obersteiermark und der Liebe wegen seit nunmehr 17 Jahren zur\u00fcck im wundersch\u00f6nen Wien.<span class=\"Apple-converted-space\">\u00a0<\/span><\/p>\n<p>Im Herbst 2017 habe ich mir selbst meinen gr\u00f6\u00dften Traum erf\u00fcllt und berufsbegleitend meine Ausbildungen in der Kinderbetreuung abgeschlossen.<\/p>\n<p>Ich bin diplomierte Tagesmutter und Kindergruppenbetreuerin und habe jahrelange Berufserfahrung in der Kinderbetreuung.<\/p>\n<p>Des Weiteren begleite ich Praktikanten w\u00e4hrend ihrer Ausbildung und unterrichte in einem Bildungsinstitut.<\/p>\n<p>Meine Familie ist mein Lebensmittelpunkt, und Kinder an sich sind meine Berufung.<\/p>\n<p>Aufgrund unseres sch\u00f6nen Zuhauses in Wien Oberlaa, an der Stadtgrenze gelegen, habe wir das gro\u00dfe Gl\u00fcck viel Freiheit und Ruhe genie\u00dfen zu k\u00f6nnen. Auch unser gem\u00fctliches Haus und unser liebevoll gestalteter Garten laden zum verweilen und \u201cKind sein\u201d ein.<span class=\"Apple-converted-space\">\u00a0<\/span><\/p>\n<p>In meiner Freizeit verbringe ich viel Zeit mit meiner Familie und Freunden, koche, backe, reise und lese gerne und wir verbringen viel Zeit in der Natur und bei Ausfl\u00fcgen.<\/p>\n","protected":false},"excerpt":{"rendered":"<p>Ich hei\u00dfe Bernadette, bin verheiratet und Mama von zwei bezaubernden T\u00f6chtern. Ich bin geboren in Wien, aufgewachsen in der Obersteiermark und der Liebe wegen seit nunmehr 17 Jahren zur\u00fcck im wundersch\u00f6nen Wien.\u00a0 Im Herbst 2017 habe ich mir selbst meinen gr\u00f6\u00dften Traum erf\u00fcllt und berufsbegleitend meine Ausbildungen in der Kinderbetreuung abgeschlossen. Ich bin diplomierte Tagesmutter &hellip; <\/p>\n","protected":false},"author":1,"featured_media":0,"parent":0,"menu_order":0,"comment_status":"open","ping_status":"open","template":"","meta":{"footnotes":""},"class_list":["post-2","page","type-page","status-publish","hentry"],"_links":{"self":[{"href":"http:\/\/www.sonnenpl\u00e4tzchen.at\/willkommen\/wp-json\/wp\/v2\/pages\/2","targetHints":{"allow":["GET"]}}],"collection":[{"href":"http:\/\/www.sonnenpl\u00e4tzchen.at\/willkommen\/wp-json\/wp\/v2\/pages"}],"about":[{"href":"http:\/\/www.sonnenpl\u00e4tzchen.at\/willkommen\/wp-json\/wp\/v2\/types\/page"}],"author":[{"embeddable":true,"href":"http:\/\/www.sonnenpl\u00e4tzchen.at\/willkommen\/wp-json\/wp\/v2\/users\/1"}],"replies":[{"embeddable":true,"href":"http:\/\/www.sonnenpl\u00e4tzchen.at\/willkommen\/wp-json\/wp\/v2\/comments?post=2"}],"version-history":[{"count":8,"href":"http:\/\/www.sonnenpl\u00e4tzchen.at\/willkommen\/wp-json\/wp\/v2\/pages\/2\/revisions"}],"predecessor-version":[{"id":223,"href":"http:\/\/www.sonnenpl\u00e4tzchen.at\/willkommen\/wp-json\/wp\/v2\/pages\/2\/revisions\/223"}],"wp:attachment":[{"href":"http:\/\/www.sonnenpl\u00e4tzchen.at\/willkommen\/wp-json\/wp\/v2\/media?parent=2"}],"curies":[{"name":"wp","href":"https:\/\/api.w.org\/{rel}","templated":true}]}}