{"id":15,"date":"2018-10-14T21:26:22","date_gmt":"2018-10-14T21:26:22","guid":{"rendered":"http:\/\/test.xn--sonnenpltzchen-dib.at\/?page_id=15"},"modified":"2024-04-26T06:47:45","modified_gmt":"2024-04-26T06:47:45","slug":"impressum","status":"publish","type":"page","link":"http:\/\/www.sonnenpl\u00e4tzchen.at\/willkommen\/impressum\/","title":{"rendered":"Impressum"},"content":{"rendered":"<p>Bernadette Dorner<br \/>\nangestellte Tagesmutter beim Tageselternzentrum<br \/>\nWeidelstrasse<br \/>\n1100 Wien<\/p>\n<p>b.dorner@tageselternzentrum.at<\/p>\n<p>+43 699 17882077<\/p>\n<h1 class=\"adsimple-111655861\">Datenschutzerkl\u00e4rung<\/h1>\n<h2 id=\"datenschutz\" class=\"adsimple-111655861\">Datenschutz<\/h2>\n<p>Wir haben diese Datenschutzerkl\u00e4rung (Fassung 24.02.2021-111655861) verfasst, um Ihnen gem\u00e4\u00df der Vorgaben der <a class=\"adsimple-111655861\" href=\"https:\/\/eur-lex.europa.eu\/legal-content\/DE\/ALL\/?uri=celex%3A32016R0679&amp;tid=111655861\" target=\"_blank\" rel=\"noopener\">Datenschutz-Grundverordnung (EU) 2016\/679<\/a> zu erkl\u00e4ren, welche Informationen wir sammeln, wie wir Daten verwenden und welche Entscheidungsm\u00f6glichkeiten Sie als Besucher dieser Webseite haben.<\/p>\n<p>Datenschutzerkl\u00e4rungen klingen f\u00fcr gew\u00f6hnlich sehr technisch. Diese Version soll Ihnen hingegen die wichtigsten Dinge so einfach und klar wie m\u00f6glich beschreiben. Soweit es m\u00f6glich ist, werden technische Begriffe leserfreundlich erkl\u00e4rt. Au\u00dferdem m\u00f6chten wir vermitteln, dass wir mit dieser Website nur dann Informationen sammeln und verwenden, wenn eine entsprechende gesetzliche Grundlage gegeben ist. Das ist sicher nicht m\u00f6glich, wenn man m\u00f6glichst knappe, technische Erkl\u00e4rungen abgibt, so wie sie im Internet oft Standard sind, wenn es um Datenschutz geht. Ich hoffe Sie finden die folgenden Erl\u00e4uterungen interessant und informativ und vielleicht ist die eine oder andere Information dabei, die Sie noch nicht kannten.<br \/>\nWenn trotzdem Fragen bleiben, m\u00f6chten wir Sie bitten den vorhandenen Links zu folgen und sich weitere Informationen auf Drittseiten anzusehen, oder uns einfach eine E-Mail zu schreiben. Unsere Kontaktdaten finden Sie im Impressum.<\/p>\n<h2 id=\"adsimple-cookie-manager-datenschutzerklaerung\" class=\"adsimple-111655861\">AdSimple Cookie Manager Datenschutzerkl\u00e4rung<\/h2>\n<p>Wir verwenden auf unserer Website den AdSimple Cookie Manager des Softwareentwicklungs- und Online-Marketing Unternehmens AdSimple GmbH, Fabriksgasse 20, 2230 G\u00e4nserndorf. Der AdSimple Cookie Manager bietet uns unter anderem die M\u00f6glichkeit, Ihnen einen umfangreichen und datenschutzkonformen Cookie-Hinweis zu liefern, damit Sie selbst entscheiden k\u00f6nnen, welche Cookies Sie zulassen und welche nicht. Durch die Verwendung dieser Software werden Daten von Ihnen an AdSimple gesendet und gespeichert. In dieser Datenschutzerkl\u00e4rung informieren wir Sie, warum wir den AdSimple Cookie Manager verwenden, welche Daten \u00fcbertragen und gespeichert werden und wie Sie diese Daten\u00fcbertragung verhindern k\u00f6nnen.<\/p>\n<h3 class=\"adsimple-111655861\">Was ist der AdSimple Cookie Manager?<\/h3>\n<p>Der AdSimple Cookie Manager ist eine Software, die unsere Website scannt und alle vorhandenen Cookies identifiziert und kategorisiert. Zudem werden Sie als Websitebesucher \u00fcber ein Cookie Hinweis Script \u00fcber die Verwendung von Cookies informiert und entscheiden selbst welche Cookies Sie zulassen und welche nicht.<\/p>\n<h3 class=\"adsimple-111655861\">Warum verwenden wir den AdSimple Cookie Manager auf unserer Website?<\/h3>\n<p>Wir wollen Ihnen maximale Transparenz im Bereich Datenschutz bieten. Um das zu gew\u00e4hrleisten, m\u00fcssen wir zuerst genau wissen, welche Cookies im Laufe der Zeit auf unserer Website gelandet sind. Dadurch, dass der Cookie Manager von AdSimple regelm\u00e4\u00dfig unsere Website scannt und alle Cookies ausfindig macht, haben wir die volle Kontrolle \u00fcber diese Cookies und k\u00f6nnen so DSGVO-konform handeln. Wir k\u00f6nnen Sie dadurch \u00fcber die Nutzung der Cookies auf unserer Website genau informieren. Weiters bekommen Sie stets einen aktuellen und datenschutzkonformen Cookie-Hinweis und entscheiden per Checkbox-System selbst, welche Cookies Sie akzeptieren bzw. blockieren.<\/p>\n<h3 class=\"adsimple-111655861\">Welche Daten werden von dem AdSimple Cookie Manager gespeichert?<\/h3>\n<p>Wenn Sie Cookies auf unserer Website zustimmen, wird folgendes Cookie von dem AdSimple Cookie Manager gesetzt:<\/p>\n<p><strong class=\"adsimple-111655861\">Name:<\/strong>\u00a0acm_status<br \/>\n<strong class=\"adsimple-111655861\">Wert:<\/strong> \u201c:true,\u201dstatistik\u201d:true,\u201dmarketing\u201d:true,\u201dsocialmedia\u201d:true,\u201deinstellungen\u201d:true}<br \/>\n<strong class=\"adsimple-111655861\">Verwendungszweck:<\/strong> In diesem Cookie wird Ihr Zustimmungsstatus, gespeichert. Dadurch kann unsere Website auch bei zuk\u00fcnftigen Besuchen den aktuellen Status lesen und befolgen.<br \/>\n<strong class=\"adsimple-111655861\">Ablaufdatum:<\/strong>\u00a0nach einem Jahr<\/p>\n<h3 class=\"adsimple-111655861\">Wie lange und wo werden die Daten gespeichert?<\/h3>\n<p>Alle Daten, die durch den AdSimple Cookie Manager erhoben werden, werden ausschlie\u00dflich innerhalb der Europ\u00e4ischen Union \u00fcbertragen und gespeichert. Die erhobenen Daten werden auf den Servern von AdSimple bei der Hetzner GmbH in Deutschland gespeichert. Zugriff auf diese Daten hat ausschlie\u00dflich die AdSimple GmbH und die Hetzner GmbH.<\/p>\n<h3 class=\"adsimple-111655861\">Wie kann ich meine Daten l\u00f6schen bzw. die Datenspeicherung verhindern?<\/h3>\n<p>Sie haben jederzeit das Recht auf Ihre personenbezogenen Daten zuzugreifen und sie auch zu l\u00f6schen. Die Datenerfassung und Speicherung k\u00f6nnen Sie beispielsweise verhindern, indem Sie \u00fcber das Cookie-Hinweis-Script die Verwendung von Cookies ablehnen. Eine weitere M\u00f6glichkeit die Datenverarbeitung zu unterbinden bzw. nach Ihren W\u00fcnschen zu verwalten, bietet Ihr Browser. Je nach Browser funktioniert die Cookie-Verwaltung etwas anders. Hier finden Sie die Anleitungen zu den momentan bekanntesten Browsern:<\/p>\n<p><a class=\"adsimple-111655861\" href=\"https:\/\/support.google.com\/chrome\/answer\/95647?tid=111655861\" target=\"_blank\" rel=\"noopener noreferrer\">Chrome: Cookies in Chrome l\u00f6schen, aktivieren und verwalten<\/a><\/p>\n<p><a class=\"adsimple-111655861\" href=\"https:\/\/support.apple.com\/de-at\/guide\/safari\/sfri11471\/mac?tid=111655861\" target=\"_blank\" rel=\"noopener noreferrer\">Safari: Verwalten von Cookies und Websitedaten mit Safari<\/a><\/p>\n<p><a class=\"adsimple-111655861\" href=\"https:\/\/support.mozilla.org\/de\/kb\/cookies-und-website-daten-in-firefox-loschen?tid=111655861\" target=\"_blank\" rel=\"noopener noreferrer\">Firefox: Cookies l\u00f6schen, um Daten zu entfernen, die Websites auf Ihrem Computer abgelegt haben<\/a><\/p>\n<p><a class=\"adsimple-111655861\" href=\"https:\/\/support.microsoft.com\/de-at\/help\/17442\/windows-internet-explorer-delete-manage-cookies?tid=111655861\" target=\"_blank\" rel=\"noopener noreferrer\">Internet Explorer: L\u00f6schen und Verwalten von Cookies<\/a><\/p>\n<p><a class=\"adsimple-111655861\" href=\"https:\/\/support.microsoft.com\/de-at\/help\/4027947\/windows-delete-cookies?tid=111655861\" target=\"_blank\" rel=\"noopener noreferrer\">Microsoft Edge: L\u00f6schen und Verwalten von Cookies<\/a><\/p>\n<p>Wir hoffen, wir haben Ihnen einen guten \u00dcberblick \u00fcber den Datenverkehr und die Datenverarbeitung durch den AdSimple Cookie Manager geliefert. Wenn Sie mehr \u00fcber dieses Tool erfahren wollen, empfehlen wir Ihnen die Beschreibungsseite auf <a class=\"adsimple-111655861\" href=\"https:\/\/www.adsimple.at\/adsimple-cookie-manager\/?tid=111655861\" target=\"_blank\" rel=\"noopener noreferrer\">https:\/\/www.adsimple.at\/adsimple-cookie-manager\/.<\/a><\/p>\n<h2 id=\"google-recaptcha-datenschutzerklaerung\" class=\"adsimple-111655861\">Google reCAPTCHA Datenschutzerkl\u00e4rung<\/h2>\n<p>Unser oberstes Ziel ist es, unsere Webseite f\u00fcr Sie und f\u00fcr uns bestm\u00f6glich zu sichern und zu sch\u00fctzen. Um das zu gew\u00e4hrleisten, verwenden wir Google reCAPTCHA der Firma Google Inc. F\u00fcr den europ\u00e4ischen Raum ist das Unternehmen Google Ireland Limited (Gordon House, Barrow Street Dublin 4, Irland) f\u00fcr alle Google-Dienste verantwortlich. Mit reCAPTCHA k\u00f6nnen wir feststellen, ob Sie auch wirklich ein Mensch aus Fleisch und Blut sind und kein Roboter oder eine andere Spam-Software. Unter Spam verstehen wir jede, auf elektronischen Weg, unerw\u00fcnschte Information, die uns ungefragter Weise zukommt. Bei den klassischen CAPTCHAS mussten Sie zur \u00dcberpr\u00fcfung meist Text- oder Bildr\u00e4tsel l\u00f6sen. Mit reCAPTCHA von Google m\u00fcssen wir Sie meist nicht mit solchen R\u00e4tseln bel\u00e4stigen. Hier reicht es in den meisten F\u00e4llen, wenn Sie einfach ein H\u00e4kchen setzen und so best\u00e4tigen, dass Sie kein Bot sind. Mit der neuen Invisible reCAPTCHA Version m\u00fcssen Sie nicht mal mehr ein H\u00e4kchen setzen. Wie das genau funktioniert und vor allem welche Daten daf\u00fcr verwendet werden, erfahren Sie im Verlauf dieser Datenschutzerkl\u00e4rung.<\/p>\n<h3 class=\"adsimple-111655861\">Was ist reCAPTCHA?<\/h3>\n<p>reCAPTCHA ist ein freier Captcha-Dienst von Google, der Webseiten vor Spam-Software und den Missbrauch durch nicht-menschliche Besucher sch\u00fctzt. Am h\u00e4ufigsten wird dieser Dienst verwendet, wenn Sie Formulare im Internet ausf\u00fcllen. Ein Captcha-Dienst ist eine Art automatischer Turing-Test, der sicherstellen soll, dass eine Handlung im Internet von einem Menschen und nicht von einem Bot vorgenommen wird. Im klassischen Turing-Test (benannt nach dem Informatiker Alan Turing) stellt ein Mensch die Unterscheidung zwischen Bot und Mensch fest. Bei Captchas \u00fcbernimmt das auch der Computer bzw. ein Softwareprogramm. Klassische Captchas arbeiten mit kleinen Aufgaben, die f\u00fcr Menschen leicht zu l\u00f6sen sind, doch f\u00fcr Maschinen erhebliche Schwierigkeiten aufweisen. Bei reCAPTCHA m\u00fcssen Sie aktiv keine R\u00e4tsel mehr l\u00f6sen. Das Tool verwendet moderne Risikotechniken, um Menschen von Bots zu unterscheiden. Hier m\u00fcssen Sie nur noch das Textfeld \u201eIch bin kein Roboter\u201c ankreuzen bzw. bei Invisible reCAPTCHA ist selbst das nicht mehr n\u00f6tig. Bei reCAPTCHA wird ein JavaScript-Element in den Quelltext eingebunden und dann l\u00e4uft das Tool im Hintergrund und analysiert Ihr Benutzerverhalten. Aus diesen Useraktionen berechnet die Software einen sogenannten Captcha-Score. Google berechnet mit diesem Score schon vor der Captcha-Eingabe wie hoch die Wahrscheinlichkeit ist, dass Sie ein Mensch sind. reCAPTCHA bzw. Captchas im Allgemeinen kommen immer dann zum Einsatz, wenn Bots gewisse Aktionen (wie z.B. Registrierungen, Umfragen usw.) manipulieren oder missbrauchen k\u00f6nnten.<\/p>\n<h3 class=\"adsimple-111655861\">Warum verwenden wir reCAPTCHA auf unserer Webseite?<\/h3>\n<p>Wir wollen nur Menschen aus Fleisch und Blut auf unserer Seite begr\u00fc\u00dfen. Bots oder Spam-Software unterschiedlichster Art d\u00fcrfen getrost zuhause bleiben. Darum setzen wir alle Hebel in Bewegung, uns zu sch\u00fctzen und die bestm\u00f6gliche Benutzerfreundlichkeit f\u00fcr Sie anzubieten. Aus diesem Grund verwenden wir Google reCAPTCHA der Firma Google. So k\u00f6nnen wir uns ziemlich sicher sein, dass wir eine \u201ebotfreie\u201c Webseite bleiben. Durch die Verwendung von reCAPTCHA werden Daten an Google \u00fcbermittelt, um festzustellen, ob Sie auch wirklich ein Mensch sind. reCAPTCHA dient also der Sicherheit unserer Webseite und in weiterer Folge damit auch Ihrer Sicherheit. Zum Beispiel k\u00f6nnte es ohne reCAPTCHA passieren, dass bei einer Registrierung ein Bot m\u00f6glichst viele E-Mail-Adressen registriert, um im Anschluss Foren oder Blogs mit unerw\u00fcnschten Werbeinhalten \u201ezuzuspamen\u201c. Mit reCAPTCHA k\u00f6nnen wir solche Botangriffe vermeiden.<\/p>\n<h3 class=\"adsimple-111655861\">Welche Daten werden von reCAPTCHA gespeichert?<\/h3>\n<p>reCAPTCHA sammelt personenbezogene Daten von Usern, um festzustellen, ob die Handlungen auf unserer Webseite auch wirklich von Menschen stammen. Es kann also die IP-Adresse und andere Daten, die Google f\u00fcr den reCAPTCHA-Dienst ben\u00f6tigt, an Google versendet werden. IP-Adressen werden innerhalb der Mitgliedstaaten der EU oder anderer Vertragsstaaten des Abkommens \u00fcber den Europ\u00e4ischen Wirtschaftsraum fast immer zuvor gek\u00fcrzt, bevor die Daten auf einem Server in den USA landen. Die IP-Adresse wird nicht mit anderen Daten von Google kombiniert, sofern Sie nicht w\u00e4hrend der Verwendung von reCAPTCHA mit Ihrem Google-Konto angemeldet sind. Zuerst pr\u00fcft der reCAPTCHA-Algorithmus, ob auf Ihrem Browser schon Google-Cookies von anderen Google-Diensten (YouTube. Gmail usw.) platziert sind. Anschlie\u00dfend setzt reCAPTCHA ein zus\u00e4tzliches Cookie in Ihrem Browser und erfasst einen Schnappschuss Ihres Browserfensters.<\/p>\n<p>Die folgende Liste von gesammelten Browser- und Userdaten, hat nicht den Anspruch auf Vollst\u00e4ndigkeit. Vielmehr sind es Beispiele von Daten, die nach unserer Erkenntnis, von Google verarbeitet werden.<\/p>\n<ul class=\"adsimple-111655861\">\n<li class=\"adsimple-111655861\">Referrer URL (die Adresse der Seite von der der Besucher kommt)<\/li>\n<li class=\"adsimple-111655861\">IP-Adresse (z.B. 256.123.123.1)<\/li>\n<li class=\"adsimple-111655861\">Infos \u00fcber das Betriebssystem\u00a0(die Software, die den Betrieb Ihres Computers erm\u00f6glicht. Bekannte Betriebssysteme sind Windows, Mac OS X oder Linux)<\/li>\n<li class=\"adsimple-111655861\">Cookies\u00a0(kleine Textdateien, die Daten in Ihrem Browser speichern)<\/li>\n<li class=\"adsimple-111655861\">Maus- und Keyboardverhalten\u00a0(jede Aktion, die Sie mit der Maus oder der Tastatur ausf\u00fchren wird gespeichert)<\/li>\n<li class=\"adsimple-111655861\">Datum und Spracheinstellungen\u00a0(welche Sprache bzw. welches Datum Sie auf Ihrem PC voreingestellt haben wird gespeichert)<\/li>\n<li class=\"adsimple-111655861\">Alle Javascript-Objekte\u00a0(JavaScript ist eine Programmiersprache, die Webseiten erm\u00f6glicht, sich an den User anzupassen. JavaScript-Objekte k\u00f6nnen alle m\u00f6glichen Daten unter einem Namen sammeln)<\/li>\n<li class=\"adsimple-111655861\">Bildschirmaufl\u00f6sung\u00a0(zeigt an aus wie vielen Pixeln die Bilddarstellung besteht)<\/li>\n<\/ul>\n<p>Unumstritten ist, dass Google diese Daten verwendet und analysiert noch bevor Sie auf das H\u00e4kchen \u201eIch bin kein Roboter\u201c klicken. Bei der Invisible reCAPTCHA-Version f\u00e4llt sogar das Ankreuzen weg und der ganze Erkennungsprozess l\u00e4uft im Hintergrund ab. Wie viel und welche Daten Google genau speichert, erf\u00e4hrt man von Google nicht im Detail.<\/p>\n<p>Folgende Cookies werden von reCAPTCHA verwendet: Hierbei beziehen wir uns auf die reCAPTCHA Demo-Version von Google unter <a class=\"adsimple-111655861\" href=\"https:\/\/www.google.com\/recaptcha\/api2\/demo\" target=\"_blank\" rel=\"noopener noreferrer\">https:\/\/www.google.com\/recaptcha\/api2\/demo<\/a>. All diese Cookies ben\u00f6tigen zu Trackingzwecken eine eindeutige Kennung. Hier ist eine Liste an Cookies, die Google reCAPTCHA auf der Demo-Version gesetzt hat:<\/p>\n<p><strong class=\"adsimple-111655861\">Name:<\/strong> IDE<br \/>\n<strong class=\"adsimple-111655861\">Wert:<\/strong>\u00a0WqTUmlnmv_qXyi_DGNPLESKnRNrpgXoy1K-pAZtAkMbHI-111655861-8<br \/>\n<strong class=\"adsimple-111655861\">Verwendungszweck:<\/strong> Dieses Cookie wird von der Firma DoubleClick (geh\u00f6rt auch Google) gesetzt, um die Aktionen eines Users auf der Webseite im Umgang mit Werbeanzeigen zu registrieren und zu melden. So kann die Werbewirksamkeit gemessen und entsprechende Optimierungsma\u00dfnahmen getroffen werden. IDE wird in Browsern unter der Domain doubleclick.net gespeichert.<br \/>\n<strong class=\"adsimple-111655861\">Ablaufdatum:<\/strong> nach einem Jahr<\/p>\n<p><strong class=\"adsimple-111655861\">Name:<\/strong> 1P_JAR<br \/>\n<strong class=\"adsimple-111655861\">Wert:<\/strong>\u00a02019-5-14-12<br \/>\n<strong class=\"adsimple-111655861\">Verwendungszweck:<\/strong> Dieses Cookie sammelt Statistiken zur Webseite-Nutzung und misst Conversions. Eine Conversion entsteht z.B., wenn ein User zu einem K\u00e4ufer wird. Das Cookie wird auch verwendet, um Usern relevante Werbeanzeigen einzublenden. Weiters kann man mit dem Cookie vermeiden, dass ein User dieselbe Anzeige mehr als einmal zu Gesicht bekommt.<br \/>\n<strong class=\"adsimple-111655861\">Ablaufdatum:<\/strong> nach einem Monat<\/p>\n<p><strong class=\"adsimple-111655861\">Name:<\/strong> ANID<br \/>\n<strong class=\"adsimple-111655861\">Wert:<\/strong>\u00a0U7j1v3dZa1116558610xgZFmiqWppRWKOr<br \/>\n<strong class=\"adsimple-111655861\">Verwendungszweck:<\/strong> Viele Infos konnten wir \u00fcber dieses Cookie nicht in Erfahrung bringen. In der Datenschutzerkl\u00e4rung von Google wird das Cookie im Zusammenhang mit \u201eWerbecookies\u201c wie z. B. \u201cDSID\u201d, \u201cFLC\u201d, \u201cAID\u201d, \u201cTAID\u201d erw\u00e4hnt. ANID wird unter Domain google.com gespeichert.<br \/>\n<strong class=\"adsimple-111655861\">Ablaufdatum:<\/strong> nach 9 Monaten<\/p>\n<p><strong class=\"adsimple-111655861\">Name:<\/strong> CONSENT<br \/>\n<strong class=\"adsimple-111655861\">Wert:\u00a0<\/strong>YES+AT.de+20150628-20-0<br \/>\n<strong class=\"adsimple-111655861\">Verwendungszweck:<\/strong> Das Cookie speichert den Status der Zustimmung eines Users zur Nutzung unterschiedlicher Services von Google. CONSENT dient auch der Sicherheit, um User zu \u00fcberpr\u00fcfen, Betr\u00fcgereien von Anmeldeinformationen zu verhindern und Userdaten vor unbefugten Angriffen zu sch\u00fctzen.<br \/>\n<strong class=\"adsimple-111655861\">Ablaufdatum:<\/strong> nach 19 Jahren<\/p>\n<p><strong class=\"adsimple-111655861\">Name:<\/strong> NID<br \/>\n<strong class=\"adsimple-111655861\">Wert:<\/strong> 0WmuWqy111655861zILzqV_nmt3sDXwPeM5Q<br \/>\n<strong class=\"adsimple-111655861\">Verwendungszweck:<\/strong> NID wird von Google verwendet, um Werbeanzeigen an Ihre Google-Suche anzupassen. Mit Hilfe des Cookies \u201eerinnert\u201c sich Google an Ihre meist eingegebenen Suchanfragen oder Ihre fr\u00fchere Interaktion mit Anzeigen. So bekommen Sie immer ma\u00dfgeschneiderte Werbeanzeigen. Das Cookie enth\u00e4lt eine einzigartige ID, um pers\u00f6nliche Einstellungen des Users f\u00fcr Werbezwecke zu sammeln.<br \/>\n<strong class=\"adsimple-111655861\">Ablaufdatum:<\/strong> nach 6 Monaten<\/p>\n<p><strong class=\"adsimple-111655861\">Name:<\/strong> DV<br \/>\n<strong class=\"adsimple-111655861\">Wert:<\/strong> gEAABBCjJMXcI0dSAAAANbqc111655861-4<br \/>\n<strong class=\"adsimple-111655861\">Verwendungszweck:<\/strong> Sobald Sie das \u201eIch bin kein Roboter\u201c-H\u00e4kchen angekreuzt haben, wird dieses Cookie gesetzt. Das Cookie wird von Google Analytics f\u00fcr personalisierte Werbung verwendet. DV sammelt Informationen in anonymisierter Form und wird weiters benutzt, um User-Unterscheidungen zu treffen.<br \/>\n<strong class=\"adsimple-111655861\">Ablaufdatum:<\/strong> nach 10 Minuten<\/p>\n<p><strong class=\"adsimple-111655861\">Anmerkung:\u00a0<\/strong>Diese Aufz\u00e4hlung kann keinen Anspruch auf Vollst\u00e4ndigkeit erheben, da Google erfahrungsgem\u00e4\u00df die Wahl ihrer Cookies immer wieder auch ver\u00e4ndert.<\/p>\n<h3 class=\"adsimple-111655861\">Wie lange und wo werden die Daten gespeichert?<\/h3>\n<p>Durch das Einf\u00fcgen von reCAPTCHA werden Daten von Ihnen auf den Google-Server \u00fcbertragen. Wo genau diese Daten gespeichert werden, stellt Google, selbst nach wiederholtem Nachfragen, nicht klar dar. Ohne eine Best\u00e4tigung von Google erhalten zu haben, ist davon auszugehen, dass Daten wie Mausinteraktion, Verweildauer auf der Webseite oder Spracheinstellungen auf den europ\u00e4ischen oder amerikanischen Google-Servern gespeichert werden. Die IP-Adresse, die Ihr Browser an Google \u00fcbermittelt, wird grunds\u00e4tzlich nicht mit anderen Google-Daten aus weiteren Google-Diensten zusammengef\u00fchrt. Wenn Sie allerdings w\u00e4hrend der Nutzung des reCAPTCHA-Plug-ins bei Ihrem Google-Konto angemeldet sind, werden die Daten zusammengef\u00fchrt.<strong class=\"adsimple-111655861\">\u00a0<\/strong>Daf\u00fcr gelten die abweichenden Datenschutzbestimmungen der Firma Google.<\/p>\n<h3 class=\"adsimple-111655861\">Wie kann ich meine Daten l\u00f6schen bzw. die Datenspeicherung verhindern?<\/h3>\n<p>Wenn Sie wollen, dass \u00fcber Sie und \u00fcber Ihr Verhalten keine Daten an Google \u00fcbermittelt werden, m\u00fcssen Sie sich, bevor Sie unsere Webseite besuchen bzw. die reCAPTCHA-Software verwenden, bei Google vollkommen ausloggen und alle Google-Cookies l\u00f6schen.\u00a0Grunds\u00e4tzlich werden die Daten sobald Sie unsere Seite aufrufen automatisch an Google \u00fcbermittelt. Um diese Daten wieder zu l\u00f6schen, m\u00fcssen Sie den Google-Support auf\u00a0 <a class=\"adsimple-111655861\" href=\"https:\/\/support.google.com\/?hl=de&amp;tid=111655861\" target=\"_blank\" rel=\"noopener noreferrer\">https:\/\/support.google.com\/?hl=de&amp;tid=111655861<\/a> kontaktieren.<\/p>\n<p>Wenn Sie also unsere Webseite verwenden, erkl\u00e4ren Sie sich einverstanden, dass Google LLC und deren Vertreter automatisch Daten erheben, bearbeiten und nutzen.<\/p>\n<p>Etwas mehr \u00fcber reCAPTCHA erfahren Sie auf der Webentwickler-Seite von Google auf <a class=\"adsimple-111655861\" href=\"https:\/\/developers.google.com\/recaptcha\/\" target=\"_blank\" rel=\"noopener noreferrer\">https:\/\/developers.google.com\/recaptcha\/<\/a>. Google geht hier zwar auf die technische Entwicklung der reCAPTCHA n\u00e4her ein, doch genaue Informationen \u00fcber Datenspeicherung und datenschutzrelevanten Themen sucht man auch dort vergeblich. Eine gute \u00dcbersicht \u00fcber die grunds\u00e4tzliche Verwendung von Daten bei Google finden Sie in der hauseigenen Datenschutzerkl\u00e4rung auf <a class=\"adsimple-111655861\" href=\"https:\/\/policies.google.com\/privacy?hl=de&amp;tid=111655861\" target=\"_blank\" rel=\"noopener noreferrer\">https:\/\/www.google.com\/intl\/de\/policies\/privacy\/<\/a>.<\/p>\n<p>Quelle: Erstellt mit dem Datenschutz Generator von <a title=\"AdSimple\u00ae Linkbuiling\" href=\"https:\/\/www.adsimple.at\/linkbuilding-backlinkaufbau\/\" target=\"_blank\" rel=\"follow noopener\">AdSimple\u00ae Linkbuilding<\/a><\/p>\n","protected":false},"excerpt":{"rendered":"<p>Bernadette Dorner angestellte Tagesmutter beim Tageselternzentrum Weidelstrasse 1100 Wien b.dorner@tageselternzentrum.at +43 699 17882077 Datenschutzerkl\u00e4rung Datenschutz Wir haben diese Datenschutzerkl\u00e4rung (Fassung 24.02.2021-111655861) verfasst, um Ihnen gem\u00e4\u00df der Vorgaben der Datenschutz-Grundverordnung (EU) 2016\/679 zu erkl\u00e4ren, welche Informationen wir sammeln, wie wir Daten verwenden und welche Entscheidungsm\u00f6glichkeiten Sie als Besucher dieser Webseite haben. Datenschutzerkl\u00e4rungen klingen f\u00fcr gew\u00f6hnlich sehr &hellip; <\/p>\n","protected":false},"author":1,"featured_media":0,"parent":0,"menu_order":0,"comment_status":"closed","ping_status":"closed","template":"","meta":{"footnotes":""},"class_list":["post-15","page","type-page","status-publish","hentry"],"_links":{"self":[{"href":"http:\/\/www.sonnenpl\u00e4tzchen.at\/willkommen\/wp-json\/wp\/v2\/pages\/15","targetHints":{"allow":["GET"]}}],"collection":[{"href":"http:\/\/www.sonnenpl\u00e4tzchen.at\/willkommen\/wp-json\/wp\/v2\/pages"}],"about":[{"href":"http:\/\/www.sonnenpl\u00e4tzchen.at\/willkommen\/wp-json\/wp\/v2\/types\/page"}],"author":[{"embeddable":true,"href":"http:\/\/www.sonnenpl\u00e4tzchen.at\/willkommen\/wp-json\/wp\/v2\/users\/1"}],"replies":[{"embeddable":true,"href":"http:\/\/www.sonnenpl\u00e4tzchen.at\/willkommen\/wp-json\/wp\/v2\/comments?post=15"}],"version-history":[{"count":9,"href":"http:\/\/www.sonnenpl\u00e4tzchen.at\/willkommen\/wp-json\/wp\/v2\/pages\/15\/revisions"}],"predecessor-version":[{"id":214,"href":"http:\/\/www.sonnenpl\u00e4tzchen.at\/willkommen\/wp-json\/wp\/v2\/pages\/15\/revisions\/214"}],"wp:attachment":[{"href":"http:\/\/www.sonnenpl\u00e4tzchen.at\/willkommen\/wp-json\/wp\/v2\/media?parent=15"}],"curies":[{"name":"wp","href":"https:\/\/api.w.org\/{rel}","templated":true}]}}